{"id":1441,"date":"2023-07-14T08:57:28","date_gmt":"2023-07-14T06:57:28","guid":{"rendered":"https:\/\/seng-120x200.dk\/om-mig\/"},"modified":"2023-07-14T08:57:28","modified_gmt":"2023-07-14T06:57:28","slug":"om-mig","status":"publish","type":"page","link":"https:\/\/seng-120x200.dk\/en\/om-mig\/","title":{"rendered":"Om mig"},"content":{"rendered":"<p><div class=\"fusion-fullwidth fullwidth-box fusion-builder-row-1 fusion-flex-container has-pattern-background has-mask-background nonhundred-percent-fullwidth non-hundred-percent-height-scrolling\" style=\"--awb-border-radius-top-left:0px;--awb-border-radius-top-right:0px;--awb-border-radius-bottom-right:0px;--awb-border-radius-bottom-left:0px;--awb-padding-right:75px;--awb-padding-left:75px;--awb-margin-top:50px;--awb-margin-top-medium:0px;--awb-flex-wrap:wrap;\" ><div class=\"fusion-builder-row fusion-row fusion-flex-align-items-flex-start fusion-flex-content-wrap\" style=\"max-width:1248px;margin-left: calc(-4% \/ 2 );margin-right: calc(-4% \/ 2 );\"><div class=\"fusion-layout-column fusion_builder_column fusion-builder-column-0 fusion_builder_column_1_2 1_2 fusion-flex-column\" style=\"--awb-bg-size:cover;--awb-width-large:50%;--awb-margin-top-large:0px;--awb-spacing-right-large:3.84%;--awb-margin-bottom-large:50px;--awb-spacing-left-large:3.84%;--awb-width-medium:100%;--awb-order-medium:0;--awb-spacing-right-medium:1.92%;--awb-spacing-left-medium:1.92%;--awb-width-small:100%;--awb-order-small:0;--awb-margin-top-small:26px;--awb-spacing-right-small:1.92%;--awb-spacing-left-small:1.92%;\"><div class=\"fusion-column-wrapper fusion-column-has-shadow fusion-flex-justify-content-flex-start fusion-content-layout-column\"><div class=\"fusion-title title fusion-title-1 fusion-sep-none fusion-title-text fusion-title-size-two\" style=\"--awb-margin-top:75px;\"><h2 class=\"fusion-title-heading title-heading-left fusion-responsive-typography-calculated\" style=\"margin:0;--fontSize:56;line-height:1.3;\">N\u00e5r du lykkes, lykkes jeg<\/h2><\/div><div class=\"fusion-text fusion-text-1\" style=\"--awb-content-alignment:left;\"><p class=\"p1\">Uanset om du er ny leder eller en garvet en af slagsen, s\u00e5 oplever du sikkert ogs\u00e5, at det pludselig ikke handler om dig. Om dine resultater alene. Men det handler om, hvordan du er i stand til at skabe resultater gennem dine medarbejdere. P\u00e5 tv\u00e6rs af b\u00e5de forskellige aldre og baggrunde.<\/p>\n<p class=\"p1\">Lige nu har vi den helt unikke situation, at vi er et arbejdsmarked med 5 generationer i arbejde samtidig. Og den 6. er p\u00e5 vej ind. Det skaber helt nye udfordringer, som jeg har valgt at specialisere mig i. Du kan nemlig ikke forvente den samme respons fra 2 helt forskellige generationer, og det har du brug for at kunne navigere i.<\/p>\n<p class=\"p1\">Det g\u00e6lder b\u00e5de, hvis du er den yngre chef med \u00e6ldre medarbejdere og hvis du er den garvede chef med adskillige generationer i dit team. N\u00e5r du \u00f8nsker at undg\u00e5 quiet quitting og opslidende konflikter i teamet, s\u00e5 ligger svaret ofte i at anerkende og forst\u00e5 forskellighederne for hver generation.<\/p>\n<\/div><\/div><\/div><div class=\"fusion-layout-column fusion_builder_column fusion-builder-column-1 fusion_builder_column_1_2 1_2 fusion-flex-column fusion-flex-align-self-center\" style=\"--awb-bg-size:cover;--awb-width-large:50%;--awb-margin-top-large:0px;--awb-spacing-right-large:3.84%;--awb-margin-bottom-large:20px;--awb-spacing-left-large:3.84%;--awb-width-medium:100%;--awb-order-medium:0;--awb-spacing-right-medium:1.92%;--awb-spacing-left-medium:1.92%;--awb-width-small:100%;--awb-order-small:0;--awb-spacing-right-small:1.92%;--awb-spacing-left-small:1.92%;\"><div class=\"fusion-column-wrapper fusion-column-has-shadow fusion-flex-justify-content-center fusion-content-layout-column\"><div class=\"fusion-image-element \" style=\"text-align:center;--awb-max-width:400px;--awb-caption-title-font-family:var(--h2_typography-font-family);--awb-caption-title-font-weight:var(--h2_typography-font-weight);--awb-caption-title-font-style:var(--h2_typography-font-style);--awb-caption-title-size:var(--h2_typography-font-size);--awb-caption-title-transform:var(--h2_typography-text-transform);--awb-caption-title-line-height:var(--h2_typography-line-height);--awb-caption-title-letter-spacing:var(--h2_typography-letter-spacing);\"><span class=\" fusion-imageframe imageframe-none imageframe-1 hover-type-none\"><img decoding=\"async\" title=\"Bog billede\" src=\"https:\/\/seng-120x200.dk\/wp-content\/uploads\/2023\/07\/Bog-billede.jpg\" alt class=\"img-responsive wp-image-1403\"\/><\/span><\/div><\/div><\/div><\/div><\/div><div class=\"fusion-fullwidth fullwidth-box fusion-builder-row-2 fusion-flex-container has-pattern-background has-mask-background nonhundred-percent-fullwidth non-hundred-percent-height-scrolling\" style=\"--awb-border-radius-top-left:0px;--awb-border-radius-top-right:0px;--awb-border-radius-bottom-right:0px;--awb-border-radius-bottom-left:0px;--awb-padding-top:0px;--awb-padding-right:75px;--awb-padding-bottom:0px;--awb-padding-left:75px;--awb-padding-top-medium:0px;--awb-padding-top-small:15px;--awb-margin-top-small:25px;--awb-flex-wrap:wrap;\" ><div class=\"fusion-builder-row fusion-row fusion-flex-align-items-flex-start fusion-flex-content-wrap\" style=\"max-width:1248px;margin-left: calc(-4% \/ 2 );margin-right: calc(-4% \/ 2 );\"><div class=\"fusion-layout-column fusion_builder_column fusion-builder-column-2 fusion_builder_column_1_1 1_1 fusion-flex-column\" style=\"--awb-bg-size:cover;--awb-width-large:100%;--awb-margin-top-large:0px;--awb-spacing-right-large:1.92%;--awb-margin-bottom-large:20px;--awb-spacing-left-large:1.92%;--awb-width-medium:100%;--awb-order-medium:0;--awb-spacing-right-medium:1.92%;--awb-spacing-left-medium:1.92%;--awb-width-small:100%;--awb-order-small:0;--awb-spacing-right-small:1.92%;--awb-spacing-left-small:1.92%;\"><div class=\"fusion-column-wrapper fusion-column-has-shadow fusion-flex-justify-content-flex-start fusion-content-layout-column\"><div class=\"fusion-title title fusion-title-2 fusion-sep-none fusion-title-center fusion-title-text fusion-title-size-one\" style=\"--awb-text-color:#198fd9;--awb-font-size:28px;\"><h1 class=\"fusion-title-heading title-heading-center fusion-responsive-typography-calculated\" style=\"margin:0;font-size:1em;--fontSize:28;line-height:1.3;\">&#8220;Jeg har haft gl\u00e6den af at lytte til Betina flere gange i mit professionelle virke.&#8221;<\/h1><\/div><div class=\"fusion-text fusion-text-2\" style=\"--awb-content-alignment:center;\"><p><em>\u201dHun er en fantastisk formidler og har rigtig gode budskaber. Betinas tilgang til det at skabe et godt samarbejde og en god arbejdskultur er h\u00e5ndgribelig og motiverende, dette for medarbejdere p\u00e5 alle niveauer, og i alle generationer.<br \/>Betina er god i b\u00e5de store og sm\u00e5 forsamlinger og s\u00e5 er hun ogs\u00e5 eminent i 1:1 forl\u00f8b, hvor hun her skaber resultater, der er m\u00e6rkbare og til stor gavn for b\u00e5de medarbejder og arbejdsgiver.<br \/>Personligt er Betina min \u201dgo-to person\u201d hvis jeg har brug for sparring, hvad enten det er arbejdskultur, motivation eller kommunikation jeg kunne tr\u00e6nge til at dr\u00f8fte.<br \/>De varmeste anbefalinger herfra!\u201d<\/em><\/p>\n<p><em><strong>Louise Knudsen<\/strong> Area &amp; Operations Manager | Colosseum Danmark<\/em><\/p>\n<\/div><\/div><\/div><\/div><\/div><div class=\"fusion-fullwidth fullwidth-box fusion-builder-row-3 fusion-flex-container has-pattern-background has-mask-background nonhundred-percent-fullwidth non-hundred-percent-height-scrolling\" style=\"--awb-border-radius-top-left:0px;--awb-border-radius-top-right:0px;--awb-border-radius-bottom-right:0px;--awb-border-radius-bottom-left:0px;--awb-padding-right:75px;--awb-padding-left:75px;--awb-margin-bottom:25px;--awb-margin-top-medium:0px;--awb-flex-wrap:wrap;\" ><div class=\"fusion-builder-row fusion-row fusion-flex-align-items-stretch fusion-flex-content-wrap\" style=\"max-width:1248px;margin-left: calc(-4% \/ 2 );margin-right: calc(-4% \/ 2 );\"><div class=\"fusion-layout-column fusion_builder_column fusion-builder-column-3 fusion_builder_column_1_2 1_2 fusion-flex-column\" style=\"--awb-bg-image:url(&#039;https:\/\/seng-120x200.dk\/wp-content\/uploads\/2023\/07\/Foredrag-kopi.jpeg&#039;);--awb-bg-position:center center;--awb-bg-size:cover;--awb-width-large:50%;--awb-margin-top-large:75px;--awb-spacing-right-large:3.84%;--awb-margin-bottom-large:75px;--awb-spacing-left-large:3.84%;--awb-width-medium:100%;--awb-order-medium:1;--awb-margin-top-medium:0px;--awb-spacing-right-medium:1.92%;--awb-margin-bottom-medium:1px;--awb-spacing-left-medium:1.92%;--awb-width-small:100%;--awb-order-small:1;--awb-spacing-right-small:1.92%;--awb-spacing-left-small:1.92%;\" data-scroll-devices=\"small-visibility,medium-visibility,large-visibility\"><div class=\"fusion-column-wrapper fusion-column-has-shadow fusion-flex-justify-content-flex-start fusion-content-layout-column fusion-empty-column-bg-image fusion-column-has-bg-image\" data-bg-url=\"https:\/\/seng-120x200.dk\/wp-content\/uploads\/2023\/07\/Foredrag-kopi.jpeg\"><img decoding=\"async\" class=\"fusion-empty-dims-img-placeholder fusion-no-large-visibility\" src=\"data:image\/svg+xml,%3Csvg%20xmlns%3D%27http%3A%2F%2Fwww.w3.org%2F2000%2Fsvg%27%20width%3D%272048%27%20height%3D%271365%27%20viewBox%3D%270%200%202048%201365%27%3E%3Crect%20width%3D%272048%27%20height%3D%271365%27%20fill-opacity%3D%220%22%2F%3E%3C%2Fsvg%3E\"><\/div><\/div><div class=\"fusion-layout-column fusion_builder_column fusion-builder-column-4 fusion_builder_column_1_2 1_2 fusion-flex-column\" style=\"--awb-bg-size:cover;--awb-width-large:50%;--awb-margin-top-large:75px;--awb-spacing-right-large:3.84%;--awb-margin-bottom-large:75px;--awb-spacing-left-large:3.84%;--awb-width-medium:100%;--awb-order-medium:0;--awb-margin-top-medium:25px;--awb-spacing-right-medium:1.92%;--awb-margin-bottom-medium:25px;--awb-spacing-left-medium:1.92%;--awb-width-small:100%;--awb-order-small:0;--awb-margin-top-small:0px;--awb-spacing-right-small:1.92%;--awb-margin-bottom-small:0px;--awb-spacing-left-small:1.92%;\"><div class=\"fusion-column-wrapper fusion-column-has-shadow fusion-flex-justify-content-flex-start fusion-content-layout-column\"><div class=\"fusion-title title fusion-title-3 fusion-sep-none fusion-title-text fusion-title-size-two\" style=\"--awb-text-color:#00a1df;\"><h2 class=\"fusion-title-heading title-heading-left fusion-responsive-typography-calculated\" style=\"margin:0;--fontSize:56;line-height:1.3;\">Jeg har specialiseret mig i generationsledelse<\/h2><\/div><div class=\"fusion-text fusion-text-3\"><p class=\"p1\">Jeg bygger min r\u00e5dgivnings- og foredrags- virksomhed p\u00e5 mine mange \u00e5rs erfaring med ledelse og HR-processer.<\/p>\n<p class=\"p1\">Jeg er orienteret i den nyeste forskning og opdaterer hele tiden min viden. Med mig f\u00e5r du altid validerede input, sparring og nye indsigter.<\/p>\n<p class=\"p1\">Jeg har en anerkendende, respektfuld<span class=\"Apple-converted-space\">\u00a0 <\/span>og empatisk tilgang. Jeg er tydelig, \u00e6rlig og super v\u00e6rdidrevet. N\u00e5r du lykkes med det, du gerne vil opn\u00e5, er jeg lykkes. Med andre ord, jeg har h\u00e5nden p\u00e5 kogepladen sammen med dig og bevarer et knivskarpt fokus p\u00e5 din m\u00e5ls\u00e6tning.<\/p>\n<\/div><\/div><\/div><\/div><\/div><div class=\"fusion-fullwidth fullwidth-box fusion-builder-row-4 fusion-flex-container has-pattern-background has-mask-background nonhundred-percent-fullwidth non-hundred-percent-height-scrolling\" style=\"--awb-border-radius-top-left:0px;--awb-border-radius-top-right:0px;--awb-border-radius-bottom-right:0px;--awb-border-radius-bottom-left:0px;--awb-flex-wrap:wrap;\" ><div class=\"fusion-builder-row fusion-row fusion-flex-align-items-flex-start fusion-flex-content-wrap\" style=\"max-width:1248px;margin-left: calc(-4% \/ 2 );margin-right: calc(-4% \/ 2 );\"><div class=\"fusion-layout-column fusion_builder_column fusion-builder-column-5 fusion_builder_column_1_1 1_1 fusion-flex-column\" style=\"--awb-padding-top-medium:27px;--awb-padding-bottom-medium:25px;--awb-bg-size:cover;--awb-width-large:100%;--awb-margin-top-large:0px;--awb-spacing-right-large:1.92%;--awb-margin-bottom-large:20px;--awb-spacing-left-large:1.92%;--awb-width-medium:100%;--awb-order-medium:0;--awb-margin-top-medium:25px;--awb-spacing-right-medium:1.92%;--awb-margin-bottom-medium:0px;--awb-spacing-left-medium:1.92%;--awb-width-small:100%;--awb-order-small:0;--awb-margin-top-small:2px;--awb-spacing-right-small:1.92%;--awb-margin-bottom-small:0px;--awb-spacing-left-small:1.92%;\"><div class=\"fusion-column-wrapper fusion-column-has-shadow fusion-flex-justify-content-flex-start fusion-content-layout-column\"><div class=\"fusion-title title fusion-title-4 fusion-sep-none fusion-title-center fusion-title-text fusion-title-size-three\" style=\"--awb-text-color:#00a1df;\"><h3 class=\"fusion-title-heading title-heading-center fusion-responsive-typography-calculated\" style=\"margin:0;--fontSize:16;--minFontSize:16;line-height:1.5;\">Min baggrund<\/h3><\/div><\/div><\/div><\/div><\/div><div class=\"fusion-fullwidth fullwidth-box fusion-builder-row-5 fusion-flex-container has-pattern-background has-mask-background nonhundred-percent-fullwidth non-hundred-percent-height-scrolling\" style=\"--awb-border-radius-top-left:0px;--awb-border-radius-top-right:0px;--awb-border-radius-bottom-right:0px;--awb-border-radius-bottom-left:0px;--awb-padding-right:75px;--awb-padding-left:75px;--awb-margin-bottom:75px;--awb-flex-wrap:wrap;\" ><div class=\"fusion-builder-row fusion-row fusion-flex-align-items-flex-start fusion-flex-content-wrap\" style=\"max-width:1248px;margin-left: calc(-4% \/ 2 );margin-right: calc(-4% \/ 2 );\"><div class=\"fusion-layout-column fusion_builder_column fusion-builder-column-6 fusion_builder_column_1_2 1_2 fusion-flex-column\" style=\"--awb-padding-right-medium:0px;--awb-bg-size:cover;--awb-width-large:50%;--awb-margin-top-large:0px;--awb-spacing-right-large:3.84%;--awb-margin-bottom-large:75px;--awb-spacing-left-large:3.84%;--awb-width-medium:100%;--awb-order-medium:0;--awb-spacing-right-medium:1.92%;--awb-margin-bottom-medium:0px;--awb-spacing-left-medium:1.92%;--awb-width-small:100%;--awb-order-small:0;--awb-spacing-right-small:1.92%;--awb-spacing-left-small:1.92%;\"><div class=\"fusion-column-wrapper fusion-column-has-shadow fusion-flex-justify-content-flex-start fusion-content-layout-column\"><ul style=\"--awb-size:16px;--awb-margin-left:10px;--awb-iconcolor:#2a9d8f;--awb-textcolor:#000000;--awb-line-height:27.2px;--awb-icon-width:27.2px;--awb-icon-height:27.2px;--awb-icon-margin:11.2px;--awb-content-margin:38.4px;\" class=\"fusion-checklist fusion-checklist-1 fusion-checklist-default type-icons\"><li class=\"fusion-li-item\" style=\"--awb-iconcolor:#198fd9;\"><span class=\"icon-wrapper circle-no\"><i class=\"fusion-li-icon fa-arrow-alt-circle-right fas\" aria-hidden=\"true\"><\/i><\/span><div class=\"fusion-li-item-content\">Solidt ledelses CV fra offentlig og private arbejdspladser<\/div><\/li><li class=\"fusion-li-item\" style=\"--awb-iconcolor:#198fd9;\"><span class=\"icon-wrapper circle-no\"><i class=\"fusion-li-icon fa-arrow-alt-circle-right fas\" aria-hidden=\"true\"><\/i><\/span><div class=\"fusion-li-item-content\">Forretningsindsigt og erfaring fra danske-, nordiske og internationale virksomheder<\/div><\/li><li class=\"fusion-li-item\" style=\"--awb-iconcolor:#198fd9;\"><span class=\"icon-wrapper circle-no\"><i class=\"fusion-li-icon fa-arrow-alt-circle-right fas\" aria-hidden=\"true\"><\/i><\/span><div class=\"fusion-li-item-content\">MBA med speciale i Strategisk HR<\/div><\/li><li class=\"fusion-li-item\" style=\"--awb-iconcolor:#198fd9;\"><span class=\"icon-wrapper circle-no\"><i class=\"fusion-li-icon fa-arrow-alt-circle-right fas\" aria-hidden=\"true\"><\/i><\/span><div class=\"fusion-li-item-content\">Certificeret i Situationsbestemt Ledelse<\/div><\/li><li class=\"fusion-li-item\" style=\"--awb-iconcolor:#198fd9;\"><span class=\"icon-wrapper circle-no\"><i class=\"fusion-li-icon fa-arrow-alt-circle-right fas\" aria-hidden=\"true\"><\/i><\/span><div class=\"fusion-li-item-content\">Mange \u00e5rs erfaring som ledelsesr\u00e5dgiver og outplacement\/karrierer\u00e5dgiver<\/div><\/li><\/ul><\/div><\/div><div class=\"fusion-layout-column fusion_builder_column fusion-builder-column-7 fusion_builder_column_1_2 1_2 fusion-flex-column\" style=\"--awb-padding-top-medium:0px;--awb-padding-bottom-medium:25px;--awb-padding-left-medium:0px;--awb-bg-size:cover;--awb-width-large:50%;--awb-margin-top-large:0px;--awb-spacing-right-large:3.84%;--awb-margin-bottom-large:20px;--awb-spacing-left-large:3.84%;--awb-width-medium:100%;--awb-order-medium:0;--awb-spacing-right-medium:1.92%;--awb-margin-bottom-medium:31px;--awb-spacing-left-medium:1.92%;--awb-width-small:100%;--awb-order-small:0;--awb-spacing-right-small:1.92%;--awb-spacing-left-small:1.92%;\"><div class=\"fusion-column-wrapper fusion-column-has-shadow fusion-flex-justify-content-flex-start fusion-content-layout-column\"><ul style=\"--awb-size:16px;--awb-margin-left:10px;--awb-iconcolor:#2a9d8f;--awb-textcolor:#000000;--awb-line-height:27.2px;--awb-icon-width:27.2px;--awb-icon-height:27.2px;--awb-icon-margin:11.2px;--awb-content-margin:38.4px;\" class=\"fusion-checklist fusion-checklist-2 fusion-checklist-default type-icons\"><li class=\"fusion-li-item\" style=\"--awb-iconcolor:#198fd9;\"><span class=\"icon-wrapper circle-no\"><i class=\"fusion-li-icon fa-arrow-alt-circle-right fas\" aria-hidden=\"true\"><\/i><\/span><div class=\"fusion-li-item-content\">Forfatter til \u201dOKAY BOOMER \u2013 GenYZ er din nye chef. Succesfuld generationsledelse, der skaber bedre arbejdskultur og resultater\u201d<\/div><\/li><li class=\"fusion-li-item\" style=\"--awb-iconcolor:#198fd9;\"><span class=\"icon-wrapper circle-no\"><i class=\"fusion-li-icon fa-arrow-alt-circle-right fas\" aria-hidden=\"true\"><\/i><\/span><div class=\"fusion-li-item-content\">Podcastv\u00e6rt p\u00e5 ALDERBEDST \u2013 en debat podcast om forhold i arbejdslivet for folk over 50 \u00e5r<\/div><\/li><li class=\"fusion-li-item\" style=\"--awb-iconcolor:#198fd9;\"><span class=\"icon-wrapper circle-no\"><i class=\"fusion-li-icon fa-arrow-alt-circle-right fas\" aria-hidden=\"true\"><\/i><\/span><div class=\"fusion-li-item-content\">Jeg kan gennemf\u00f8re alle mine ydelser p\u00e5 b\u00e5de dansk og engelsk.<\/div><\/li><\/ul><div style=\"text-align:center;\"><a class=\"fusion-button button-flat button-large button-custom fusion-button-default button-1 fusion-button-default-span fusion-button-default-type\" style=\"--button_accent_color:#ffffff;--button_accent_hover_color:#000000;--button_border_hover_color:#000000;--button_gradient_top_color:#00a1df;--button_gradient_bottom_color:#00a1df;--button_gradient_top_color_hover:#cecece;--button_gradient_bottom_color_hover:#cecece;--button_margin-top:25px;\" target=\"_self\" href=\"mailto:betina@seng-120x200.dk\"><span class=\"fusion-button-text\">Kontakt mig<\/span><i class=\"fa-angle-right fas button-icon-right\" aria-hidden=\"true\"><\/i><\/a><\/div><\/div><\/div><\/div><\/div><\/p>\n","protected":false},"excerpt":{"rendered":"","protected":false},"author":2,"featured_media":0,"parent":0,"menu_order":0,"comment_status":"closed","ping_status":"closed","template":"","meta":{"footnotes":""},"yoast_head":"<!-- This site is optimized with the Yoast SEO plugin v22.7 - https:\/\/yoast.com\/wordpress\/plugins\/seo\/ -->\n<title>Om mig &#8226; Liliendal<\/title>\n<meta name=\"robots\" content=\"index, follow, max-snippet:-1, max-image-preview:large, max-video-preview:-1\" \/>\n<link rel=\"canonical\" href=\"https:\/\/seng-120x200.dk\/en\/om-mig\/\" \/>\n<meta property=\"og:locale\" content=\"en_US\" \/>\n<meta property=\"og:type\" content=\"article\" \/>\n<meta property=\"og:title\" content=\"Om mig &#8226; Liliendal\" \/>\n<meta property=\"og:url\" content=\"https:\/\/seng-120x200.dk\/en\/om-mig\/\" \/>\n<meta property=\"og:site_name\" content=\"Liliendal\" \/>\n<meta name=\"twitter:card\" content=\"summary_large_image\" \/>\n<meta name=\"twitter:label1\" content=\"Est. reading time\" \/>\n\t<meta name=\"twitter:data1\" content=\"30 minutes\" \/>\n<script type=\"application\/ld+json\" class=\"yoast-schema-graph\">{\"@context\":\"https:\/\/schema.org\",\"@graph\":[{\"@type\":\"WebPage\",\"@id\":\"https:\/\/seng-120x200.dk\/en\/om-mig\/\",\"url\":\"https:\/\/seng-120x200.dk\/en\/om-mig\/\",\"name\":\"Om mig &#8226; Liliendal\",\"isPartOf\":{\"@id\":\"https:\/\/seng-120x200.dk\/#website\"},\"datePublished\":\"2023-07-14T06:57:28+00:00\",\"dateModified\":\"2023-07-14T06:57:28+00:00\",\"breadcrumb\":{\"@id\":\"https:\/\/seng-120x200.dk\/en\/om-mig\/#breadcrumb\"},\"inLanguage\":\"en-US\",\"potentialAction\":[{\"@type\":\"ReadAction\",\"target\":[\"https:\/\/seng-120x200.dk\/en\/om-mig\/\"]}]},{\"@type\":\"BreadcrumbList\",\"@id\":\"https:\/\/seng-120x200.dk\/en\/om-mig\/#breadcrumb\",\"itemListElement\":[{\"@type\":\"ListItem\",\"position\":1,\"name\":\"Home\",\"item\":\"https:\/\/seng-120x200.dk\/en\/\"},{\"@type\":\"ListItem\",\"position\":2,\"name\":\"Om mig\"}]},{\"@type\":\"WebSite\",\"@id\":\"https:\/\/seng-120x200.dk\/#website\",\"url\":\"https:\/\/seng-120x200.dk\/\",\"name\":\"Liliendal\",\"description\":\"Human Capital Management\",\"publisher\":{\"@id\":\"https:\/\/seng-120x200.dk\/#\/schema\/person\/3d8561f22de9ba7f5a5ee18800d1561c\"},\"potentialAction\":[{\"@type\":\"SearchAction\",\"target\":{\"@type\":\"EntryPoint\",\"urlTemplate\":\"https:\/\/seng-120x200.dk\/?s={search_term_string}\"},\"query-input\":\"required name=search_term_string\"}],\"inLanguage\":\"en-US\"},{\"@type\":[\"Person\",\"Organization\"],\"@id\":\"https:\/\/seng-120x200.dk\/#\/schema\/person\/3d8561f22de9ba7f5a5ee18800d1561c\",\"name\":\"Betina\",\"image\":{\"@type\":\"ImageObject\",\"inLanguage\":\"en-US\",\"@id\":\"https:\/\/seng-120x200.dk\/#\/schema\/person\/image\/\",\"url\":\"https:\/\/secure.gravatar.com\/avatar\/f7bdabbae7a9f5f8f3c231e52849ae03?s=96&d=mm&r=g\",\"contentUrl\":\"https:\/\/secure.gravatar.com\/avatar\/f7bdabbae7a9f5f8f3c231e52849ae03?s=96&d=mm&r=g\",\"caption\":\"Betina\"},\"logo\":{\"@id\":\"https:\/\/seng-120x200.dk\/#\/schema\/person\/image\/\"},\"sameAs\":[\"https:\/\/seng-120x200.dk\"]}]}<\/script>\n<!-- \/ Yoast SEO plugin. -->","yoast_head_json":{"title":"Om mig &#8226; Liliendal","robots":{"index":"index","follow":"follow","max-snippet":"max-snippet:-1","max-image-preview":"max-image-preview:large","max-video-preview":"max-video-preview:-1"},"canonical":"https:\/\/seng-120x200.dk\/en\/om-mig\/","og_locale":"en_US","og_type":"article","og_title":"Om mig &#8226; Liliendal","og_url":"https:\/\/seng-120x200.dk\/en\/om-mig\/","og_site_name":"Liliendal","twitter_card":"summary_large_image","twitter_misc":{"Est. reading time":"30 minutes"},"schema":{"@context":"https:\/\/schema.org","@graph":[{"@type":"WebPage","@id":"https:\/\/seng-120x200.dk\/en\/om-mig\/","url":"https:\/\/seng-120x200.dk\/en\/om-mig\/","name":"Om mig &#8226; Liliendal","isPartOf":{"@id":"https:\/\/seng-120x200.dk\/#website"},"datePublished":"2023-07-14T06:57:28+00:00","dateModified":"2023-07-14T06:57:28+00:00","breadcrumb":{"@id":"https:\/\/seng-120x200.dk\/en\/om-mig\/#breadcrumb"},"inLanguage":"en-US","potentialAction":[{"@type":"ReadAction","target":["https:\/\/seng-120x200.dk\/en\/om-mig\/"]}]},{"@type":"BreadcrumbList","@id":"https:\/\/seng-120x200.dk\/en\/om-mig\/#breadcrumb","itemListElement":[{"@type":"ListItem","position":1,"name":"Home","item":"https:\/\/seng-120x200.dk\/en\/"},{"@type":"ListItem","position":2,"name":"Om mig"}]},{"@type":"WebSite","@id":"https:\/\/seng-120x200.dk\/#website","url":"https:\/\/seng-120x200.dk\/","name":"Liliendal","description":"Human Capital Management","publisher":{"@id":"https:\/\/seng-120x200.dk\/#\/schema\/person\/3d8561f22de9ba7f5a5ee18800d1561c"},"potentialAction":[{"@type":"SearchAction","target":{"@type":"EntryPoint","urlTemplate":"https:\/\/seng-120x200.dk\/?s={search_term_string}"},"query-input":"required name=search_term_string"}],"inLanguage":"en-US"},{"@type":["Person","Organization"],"@id":"https:\/\/seng-120x200.dk\/#\/schema\/person\/3d8561f22de9ba7f5a5ee18800d1561c","name":"Betina","image":{"@type":"ImageObject","inLanguage":"en-US","@id":"https:\/\/seng-120x200.dk\/#\/schema\/person\/image\/","url":"https:\/\/secure.gravatar.com\/avatar\/f7bdabbae7a9f5f8f3c231e52849ae03?s=96&d=mm&r=g","contentUrl":"https:\/\/secure.gravatar.com\/avatar\/f7bdabbae7a9f5f8f3c231e52849ae03?s=96&d=mm&r=g","caption":"Betina"},"logo":{"@id":"https:\/\/seng-120x200.dk\/#\/schema\/person\/image\/"},"sameAs":["https:\/\/seng-120x200.dk"]}]}},"_links":{"self":[{"href":"https:\/\/seng-120x200.dk\/en\/wp-json\/wp\/v2\/pages\/1441"}],"collection":[{"href":"https:\/\/seng-120x200.dk\/en\/wp-json\/wp\/v2\/pages"}],"about":[{"href":"https:\/\/seng-120x200.dk\/en\/wp-json\/wp\/v2\/types\/page"}],"author":[{"embeddable":true,"href":"https:\/\/seng-120x200.dk\/en\/wp-json\/wp\/v2\/users\/2"}],"replies":[{"embeddable":true,"href":"https:\/\/seng-120x200.dk\/en\/wp-json\/wp\/v2\/comments?post=1441"}],"version-history":[{"count":0,"href":"https:\/\/seng-120x200.dk\/en\/wp-json\/wp\/v2\/pages\/1441\/revisions"}],"wp:attachment":[{"href":"https:\/\/seng-120x200.dk\/en\/wp-json\/wp\/v2\/media?parent=1441"}],"curies":[{"name":"wp","href":"https:\/\/api.w.org\/{rel}","templated":true}]}}